{"id":1899,"date":"2024-01-10T00:39:44","date_gmt":"2024-01-09T22:39:44","guid":{"rendered":"https:\/\/aimalanmaataloustarvike.fi\/?page_id=1899"},"modified":"2024-01-10T18:51:11","modified_gmt":"2024-01-10T16:51:11","slug":"tietosuojaseloste","status":"publish","type":"page","link":"https:\/\/aimalanmaataloustarvike.fi\/index.php\/tietosuojaseloste\/","title":{"rendered":"Tietosuojaseloste"},"content":{"rendered":"\t\t<div data-elementor-type=\"wp-page\" data-elementor-id=\"1899\" class=\"elementor elementor-1899\">\n\t\t\t\t\t\t\t<div class=\"elementor-element elementor-element-1d70b9d2 e-flex e-con-boxed e-con e-parent\" data-id=\"1d70b9d2\" data-element_type=\"container\" data-settings=\"{&quot;content_width&quot;:&quot;boxed&quot;}\" data-core-v316-plus=\"true\">\n\t\t\t\t\t<div class=\"e-con-inner\">\n\t\t\t\t<div class=\"elementor-element elementor-element-26e2b38a elementor-widget elementor-widget-text-editor\" data-id=\"26e2b38a\" data-element_type=\"widget\" data-widget_type=\"text-editor.default\">\n\t\t\t\t<div class=\"elementor-widget-container\">\n\t\t\t<style>\/*! elementor - v3.18.0 - 20-12-2023 *\/\n.elementor-widget-text-editor.elementor-drop-cap-view-stacked .elementor-drop-cap{background-color:#69727d;color:#fff}.elementor-widget-text-editor.elementor-drop-cap-view-framed .elementor-drop-cap{color:#69727d;border:3px solid;background-color:transparent}.elementor-widget-text-editor:not(.elementor-drop-cap-view-default) .elementor-drop-cap{margin-top:8px}.elementor-widget-text-editor:not(.elementor-drop-cap-view-default) .elementor-drop-cap-letter{width:1em;height:1em}.elementor-widget-text-editor .elementor-drop-cap{float:left;text-align:center;line-height:1;font-size:50px}.elementor-widget-text-editor .elementor-drop-cap-letter{display:inline-block}<\/style>\t\t\t\t<p><!-- wp:heading --><\/p>\n<h2><strong>Tietosuojaseloste<\/strong><\/h2>\n<h2>Keit\u00e4 olemme?<\/h2>\n<p><!-- \/wp:heading --><!-- wp:paragraph --><\/p>\n<p>Verkkosivustomme osoite on: https:\/\/aimalanmaataloustarvike.fi.\u00a0<\/p>\n<p>Sivustosta vastaa Aimalanmaataloustarvike<\/p>\n<p>\u00a0Sivuston tuottaa yritys: RaceReady Technologies<\/p>\n<p>Sivuston yll\u00e4pidon tai tietosuojaan koskevista asioista ota yhteys: miko@racereadytechnologies.fi<\/p>\n<h2>Mist\u00e4 saamme tiedot?<\/h2>\n<div>Sivustollamme on kaksi(2) lomaketta, joihin asiakas sy\u00f6tt\u00e4\u00e4 tarvittavat tiedot. Silloin asiakas hyv\u00e4ksyy, ett\u00e4 tiedot menev\u00e4t s\u00e4hk\u00f6postiin eik\u00e4 niit\u00e4 tietoja tallenneta.<\/div>\n<p>\u00a0<\/p>\n<h2>Mit\u00e4 tietoja ker\u00e4\u00e4mme ja mihin ne k\u00e4ytet\u00e4\u00e4n?<\/h2>\n<div>Sivusto ei ker\u00e4\u00e4 tietoja lomakkeelta. Lomakkeen tiedot siirtyv\u00e4t suoraan matti@aimalanmaataloustarvike.fi s\u00e4hk\u00f6postiin ssl suojausta k\u00e4ytt\u00e4en.\u00a0<\/div>\n<div>\u00a0<\/div>\n<p>\u00a0<\/p>\n<p><!-- \/wp:paragraph --><!-- wp:heading --><!-- \/wp:paragraph --><\/p>\t\t\t\t\t\t<\/div>\n\t\t\t\t<\/div>\n\t\t\t\t<div class=\"elementor-element elementor-element-9d03d75 elementor-widget elementor-widget-text-editor\" data-id=\"9d03d75\" data-element_type=\"widget\" data-widget_type=\"text-editor.default\">\n\t\t\t\t<div class=\"elementor-widget-container\">\n\t\t\t\t\t\t\t<h2><strong>Ev\u00e4steet<\/strong><\/h2>\n<h2>Tietoja t\u00e4st\u00e4 ev\u00e4stepolitiikasta<\/h2>\n<p>T\u00e4m\u00e4 ev\u00e4stepolitiikka selitt\u00e4\u00e4, mit\u00e4 ev\u00e4steet ovat ja kuinka niit\u00e4 k\u00e4ytet\u00e4\u00e4n. Sinun tulee lukea t\u00e4m\u00e4 k\u00e4yt\u00e4nt\u00f6 ymm\u00e4rt\u00e4\u00e4ksesi mit\u00e4 ev\u00e4steet ovat, kuinka k\u00e4yt\u00e4mme niit\u00e4, ymm\u00e4rt\u00e4\u00e4ksesi eri ev\u00e4stetyyppej\u00e4, joita me k\u00e4yt\u00e4mme ja miten k\u00e4yt\u00e4mme ev\u00e4steiden avulla ker\u00e4\u00e4mi\u00e4mme tietoja ja miten ev\u00e4steasetuksia voidaan hallita.<\/p>\n<p>Voit milloin tahansa muuttaa tai peruuttaa suostumuksesi verkkosivustollamme oleviin ev\u00e4steisiin.<br \/>Lis\u00e4tietoja tietosuojak\u00e4yt\u00e4nn\u00f6st\u00e4mme siit\u00e4, keit\u00e4 olemme ja kuinka voit ottaa meihin yhteytt\u00e4 l\u00f6ytyy meid\u00e4n tietosuojaselosteesta.<br \/>Suostumuksesi koskee seuraavia verkkotunnuksia: www.aimalanmaataloustarvike.fi<\/p>\n<h2>Mit\u00e4 ev\u00e4steet ovat?<\/h2>\n<p>Ev\u00e4steet ovat pieni\u00e4 tekstitiedostoja, joita k\u00e4ytet\u00e4\u00e4n pienten tietojen tallentamiseen. Ev\u00e4steet tallennetaan laitteellesi, kun verkkosivusto ladataan selaimeesi. N\u00e4m\u00e4 ev\u00e4steet auttavat meit\u00e4 saamaan verkkosivuston toimimaan oikein, tekem\u00e4\u00e4n verkkosivustosta turvallisemman, tarjoamaan paremman k\u00e4ytt\u00f6kokemuksen ja ymm\u00e4rt\u00e4m\u00e4\u00e4n verkkosivuston toimintakyky\u00e4 ja analysoimaan, mik\u00e4 toimii ja miss\u00e4 on parannettavaa.<\/p>\n<h2>Kuinka k\u00e4yt\u00e4mme ev\u00e4steit\u00e4?<\/h2>\n<p>Kuten suurin osa verkkopalveluista, verkkosivustomme k\u00e4ytt\u00e4\u00e4 ensimm\u00e4isen ja kolmannen osapuolen ev\u00e4steit\u00e4 useisiin tarkoituksiin. Ensimm\u00e4isen osapuolen ev\u00e4steet ovat enimm\u00e4kseen v\u00e4ltt\u00e4m\u00e4tt\u00f6mi\u00e4 verkkosivuston oikealle toiminnalle, eiv\u00e4tk\u00e4 ne ker\u00e4\u00e4 henkil\u00f6kohtaisia tietojasi.<\/p>\n<p>Verkkosivuillamme k\u00e4ytettyj\u00e4 kolmansien osapuolien ev\u00e4steit\u00e4 k\u00e4ytet\u00e4\u00e4n p\u00e4\u00e4asiassa ymm\u00e4rt\u00e4m\u00e4\u00e4n verkkosivuston suorituskyky\u00e4, miten olette tekemisiss\u00e4 verkkosivustomme kanssa, pit\u00e4m\u00e4\u00e4n palvelumme turvallisina ja tarjoamaan kaiken kaikkiaan parempaa ja parannettua k\u00e4ytt\u00f6kokemusta ja auttaa nopeuttamaan tulevaa vuorovaikutustasi verkkosivustomme kanssa.<\/p>\n<h2>Millaisia ev\u00e4steit\u00e4 k\u00e4yt\u00e4mme?<\/h2>\n<p>Olennainen: Jotkut ev\u00e4steet ovat v\u00e4ltt\u00e4m\u00e4tt\u00f6mi\u00e4, jotta voit kokea sivustomme kaikki toiminnot. Niiden avulla voimme yll\u00e4pit\u00e4\u00e4 sivustoa ja est\u00e4\u00e4 tietoturvauhat. Ne eiv\u00e4t ker\u00e4\u00e4 tai tallenna henkil\u00f6kohtaisia tietoja. Esimerkiksi n\u00e4iden ev\u00e4steiden avulla voit kirjautua sis\u00e4\u00e4n WordPress-tilillesi ja k\u00e4ytt\u00e4\u00e4 hakupalkkia. Katso my\u00f6s WordPress-tietosuojak\u00e4yt\u00e4nt\u00f6 \/ ev\u00e4stek\u00e4yt\u00e4nt\u00f6 saadaksesi lis\u00e4tietoja. https:\/\/fi.wordpress.org\/about\/privacy\/cookies\/<\/p>\n<p>Tilastot: N\u00e4m\u00e4 ev\u00e4steet tallentavat tietoja, kuten verkkosivustossa k\u00e4vij\u00f6iden lukum\u00e4\u00e4r\u00e4, mill\u00e4 verkkosivuston sivuilla olet k\u00e4ynyt, k\u00e4yntil\u00e4hde jne. N\u00e4m\u00e4 tiedot auttavat meit\u00e4 ymm\u00e4rt\u00e4m\u00e4\u00e4n ja analysoimaan verkkosivuston suorituskyky\u00e4 ja miss\u00e4 sit\u00e4 on parannettava. Emme k\u00e4yt\u00e4 suoraan mainoksia, mutta kolmansien osapuolien liit\u00e4nn\u00e4iset voivat ker\u00e4t\u00e4 analytiikkaa.<\/p>\n<p>Toiminnallinen: N\u00e4m\u00e4 ovat ev\u00e4steet, jotka auttavat tiettyj\u00e4 ei-v\u00e4ltt\u00e4m\u00e4tt\u00f6mi\u00e4 toimintoja verkkosivustollamme. N\u00e4m\u00e4 toiminnot sis\u00e4lt\u00e4v\u00e4t sis\u00e4ll\u00f6n upottamisen, kuten videot, tai sis\u00e4ll\u00f6n jakamisen verkkosivustolle sosiaalisen median alustoilla.<\/p>\n<p>Asetukset: N\u00e4m\u00e4 ev\u00e4steet auttavat meit\u00e4 tallentamaan asetukset ja selausasetukset, kuten kieliasetukset, jotta sinulla olisi parempi ja tehokkaampi kokemus tulevista verkkosivustovierailuista.<\/p>\n<h2>Kuinka voin hallita ev\u00e4steasetuksia?<\/h2>\n<p>Jos p\u00e4\u00e4t\u00e4t muuttaa asetuksiasi my\u00f6hemmin selausistunnon aikana, voit napsauttaa ruudun \u201dEv\u00e4steasetukset\u201d -nappia. N\u00e4ytt\u00f6\u00f6n tulee j\u00e4lleen suostumusilmoitus, jonka avulla voit muuttaa mieltymyksi\u00e4si tai peruuttaa suostumuksesi kokonaan.<\/p>\n<p>T\u00e4m\u00e4n lis\u00e4ksi eri selaimet tarjoavat erilaisia tapoja est\u00e4\u00e4 ja poistaa verkkosivustojen k\u00e4ytt\u00e4mi\u00e4 ev\u00e4steit\u00e4. Voit muuttaa selaimesi asetuksia est\u00e4m\u00e4\u00e4n \/ poistamaan ev\u00e4steet. Lis\u00e4tietoja ev\u00e4steiden hallinnasta ja poistamisesta saat osoitteesta wikipedia.org, www.allaboutcookies.org.<\/p>\t\t\t\t\t\t<\/div>\n\t\t\t\t<\/div>\n\t\t<div class=\"elementor-element elementor-element-6029cd9 e-flex e-con-boxed e-con e-child\" data-id=\"6029cd9\" data-element_type=\"container\" data-settings=\"{&quot;content_width&quot;:&quot;boxed&quot;}\">\n\t\t\t\t\t<div class=\"e-con-inner\">\n\t\t\t\t\t<\/div>\n\t\t\t\t<\/div>\n\t\t\t\t\t<\/div>\n\t\t\t\t<\/div>\n\t\t\t\t\t\t\t<\/div>\n\t\t","protected":false},"excerpt":{"rendered":"<p>Tietosuojaseloste Keit\u00e4 olemme? Verkkosivustomme osoite on: https:\/\/aimalanmaataloustarvike.fi.\u00a0 Sivustosta vastaa Aimalanmaataloustarvike \u00a0Sivuston tuottaa yritys: RaceReady Technologies Sivuston yll\u00e4pidon tai tietosuojaan koskevista asioista ota yhteys: miko@racereadytechnologies.fi Mist\u00e4 saamme tiedot? Sivustollamme on kaksi(2) lomaketta, joihin asiakas sy\u00f6tt\u00e4\u00e4 tarvittavat tiedot. Silloin asiakas hyv\u00e4ksyy, ett\u00e4 tiedot menev\u00e4t s\u00e4hk\u00f6postiin eik\u00e4 niit\u00e4 tietoja tallenneta. \u00a0 Mit\u00e4 tietoja ker\u00e4\u00e4mme ja mihin ne k\u00e4ytet\u00e4\u00e4n? [&hellip;]<\/p>\n","protected":false},"author":1,"featured_media":0,"parent":0,"menu_order":0,"comment_status":"closed","ping_status":"closed","template":"","meta":{"hide_page_title":"","footnotes":""},"yoast_head":"<!-- This site is optimized with the Yoast SEO plugin v23.3 - https:\/\/yoast.com\/wordpress\/plugins\/seo\/ -->\n<title>Tietosuojaseloste - Aimalan Maataloustarvike<\/title>\n<meta name=\"robots\" content=\"index, follow, max-snippet:-1, max-image-preview:large, max-video-preview:-1\" \/>\n<link rel=\"canonical\" href=\"https:\/\/aimalanmaataloustarvike.fi\/index.php\/tietosuojaseloste\/\" \/>\n<meta property=\"og:locale\" content=\"fi_FI\" \/>\n<meta property=\"og:type\" content=\"article\" \/>\n<meta property=\"og:title\" content=\"Tietosuojaseloste - Aimalan Maataloustarvike\" \/>\n<meta property=\"og:description\" content=\"Tietosuojaseloste Keit\u00e4 olemme? Verkkosivustomme osoite on: https:\/\/aimalanmaataloustarvike.fi.\u00a0 Sivustosta vastaa Aimalanmaataloustarvike \u00a0Sivuston tuottaa yritys: RaceReady Technologies Sivuston yll\u00e4pidon tai tietosuojaan koskevista asioista ota yhteys: miko@racereadytechnologies.fi Mist\u00e4 saamme tiedot? Sivustollamme on kaksi(2) lomaketta, joihin asiakas sy\u00f6tt\u00e4\u00e4 tarvittavat tiedot. Silloin asiakas hyv\u00e4ksyy, ett\u00e4 tiedot menev\u00e4t s\u00e4hk\u00f6postiin eik\u00e4 niit\u00e4 tietoja tallenneta. \u00a0 Mit\u00e4 tietoja ker\u00e4\u00e4mme ja mihin ne k\u00e4ytet\u00e4\u00e4n? [&hellip;]\" \/>\n<meta property=\"og:url\" content=\"https:\/\/aimalanmaataloustarvike.fi\/index.php\/tietosuojaseloste\/\" \/>\n<meta property=\"og:site_name\" content=\"Aimalan Maataloustarvike\" \/>\n<meta property=\"article:modified_time\" content=\"2024-01-10T16:51:11+00:00\" \/>\n<meta name=\"twitter:card\" content=\"summary_large_image\" \/>\n<meta name=\"twitter:label1\" content=\"Arvioitu lukuaika\" \/>\n\t<meta name=\"twitter:data1\" content=\"3 minuuttia\" \/>\n<script type=\"application\/ld+json\" class=\"yoast-schema-graph\">{\"@context\":\"https:\/\/schema.org\",\"@graph\":[{\"@type\":\"WebPage\",\"@id\":\"https:\/\/aimalanmaataloustarvike.fi\/index.php\/tietosuojaseloste\/\",\"url\":\"https:\/\/aimalanmaataloustarvike.fi\/index.php\/tietosuojaseloste\/\",\"name\":\"Tietosuojaseloste - Aimalan Maataloustarvike\",\"isPartOf\":{\"@id\":\"https:\/\/aimalanmaataloustarvike.fi\/#website\"},\"datePublished\":\"2024-01-09T22:39:44+00:00\",\"dateModified\":\"2024-01-10T16:51:11+00:00\",\"breadcrumb\":{\"@id\":\"https:\/\/aimalanmaataloustarvike.fi\/index.php\/tietosuojaseloste\/#breadcrumb\"},\"inLanguage\":\"fi\",\"potentialAction\":[{\"@type\":\"ReadAction\",\"target\":[\"https:\/\/aimalanmaataloustarvike.fi\/index.php\/tietosuojaseloste\/\"]}]},{\"@type\":\"BreadcrumbList\",\"@id\":\"https:\/\/aimalanmaataloustarvike.fi\/index.php\/tietosuojaseloste\/#breadcrumb\",\"itemListElement\":[{\"@type\":\"ListItem\",\"position\":1,\"name\":\"Etusivu\",\"item\":\"https:\/\/aimalanmaataloustarvike.fi\/\"},{\"@type\":\"ListItem\",\"position\":2,\"name\":\"Tietosuojaseloste\"}]},{\"@type\":\"WebSite\",\"@id\":\"https:\/\/aimalanmaataloustarvike.fi\/#website\",\"url\":\"https:\/\/aimalanmaataloustarvike.fi\/\",\"name\":\"Aimalan Maataloustarvike\",\"description\":\"40vuoden kokemus 23vuodessa.\",\"publisher\":{\"@id\":\"https:\/\/aimalanmaataloustarvike.fi\/#organization\"},\"potentialAction\":[{\"@type\":\"SearchAction\",\"target\":{\"@type\":\"EntryPoint\",\"urlTemplate\":\"https:\/\/aimalanmaataloustarvike.fi\/?s={search_term_string}\"},\"query-input\":\"required name=search_term_string\"}],\"inLanguage\":\"fi\"},{\"@type\":\"Organization\",\"@id\":\"https:\/\/aimalanmaataloustarvike.fi\/#organization\",\"name\":\"Aimalan Maataloustarvike\",\"url\":\"https:\/\/aimalanmaataloustarvike.fi\/\",\"logo\":{\"@type\":\"ImageObject\",\"inLanguage\":\"fi\",\"@id\":\"https:\/\/aimalanmaataloustarvike.fi\/#\/schema\/logo\/image\/\",\"url\":\"https:\/\/aimalanmaataloustarvike.fi\/wp-content\/uploads\/2023\/12\/kuva_2023-12-11_235113025.png\",\"contentUrl\":\"https:\/\/aimalanmaataloustarvike.fi\/wp-content\/uploads\/2023\/12\/kuva_2023-12-11_235113025.png\",\"width\":731,\"height\":828,\"caption\":\"Aimalan Maataloustarvike\"},\"image\":{\"@id\":\"https:\/\/aimalanmaataloustarvike.fi\/#\/schema\/logo\/image\/\"}}]}<\/script>\n<!-- \/ Yoast SEO plugin. -->","yoast_head_json":{"title":"Tietosuojaseloste - Aimalan Maataloustarvike","robots":{"index":"index","follow":"follow","max-snippet":"max-snippet:-1","max-image-preview":"max-image-preview:large","max-video-preview":"max-video-preview:-1"},"canonical":"https:\/\/aimalanmaataloustarvike.fi\/index.php\/tietosuojaseloste\/","og_locale":"fi_FI","og_type":"article","og_title":"Tietosuojaseloste - Aimalan Maataloustarvike","og_description":"Tietosuojaseloste Keit\u00e4 olemme? Verkkosivustomme osoite on: https:\/\/aimalanmaataloustarvike.fi.\u00a0 Sivustosta vastaa Aimalanmaataloustarvike \u00a0Sivuston tuottaa yritys: RaceReady Technologies Sivuston yll\u00e4pidon tai tietosuojaan koskevista asioista ota yhteys: miko@racereadytechnologies.fi Mist\u00e4 saamme tiedot? Sivustollamme on kaksi(2) lomaketta, joihin asiakas sy\u00f6tt\u00e4\u00e4 tarvittavat tiedot. Silloin asiakas hyv\u00e4ksyy, ett\u00e4 tiedot menev\u00e4t s\u00e4hk\u00f6postiin eik\u00e4 niit\u00e4 tietoja tallenneta. \u00a0 Mit\u00e4 tietoja ker\u00e4\u00e4mme ja mihin ne k\u00e4ytet\u00e4\u00e4n? [&hellip;]","og_url":"https:\/\/aimalanmaataloustarvike.fi\/index.php\/tietosuojaseloste\/","og_site_name":"Aimalan Maataloustarvike","article_modified_time":"2024-01-10T16:51:11+00:00","twitter_card":"summary_large_image","twitter_misc":{"Arvioitu lukuaika":"3 minuuttia"},"schema":{"@context":"https:\/\/schema.org","@graph":[{"@type":"WebPage","@id":"https:\/\/aimalanmaataloustarvike.fi\/index.php\/tietosuojaseloste\/","url":"https:\/\/aimalanmaataloustarvike.fi\/index.php\/tietosuojaseloste\/","name":"Tietosuojaseloste - Aimalan Maataloustarvike","isPartOf":{"@id":"https:\/\/aimalanmaataloustarvike.fi\/#website"},"datePublished":"2024-01-09T22:39:44+00:00","dateModified":"2024-01-10T16:51:11+00:00","breadcrumb":{"@id":"https:\/\/aimalanmaataloustarvike.fi\/index.php\/tietosuojaseloste\/#breadcrumb"},"inLanguage":"fi","potentialAction":[{"@type":"ReadAction","target":["https:\/\/aimalanmaataloustarvike.fi\/index.php\/tietosuojaseloste\/"]}]},{"@type":"BreadcrumbList","@id":"https:\/\/aimalanmaataloustarvike.fi\/index.php\/tietosuojaseloste\/#breadcrumb","itemListElement":[{"@type":"ListItem","position":1,"name":"Etusivu","item":"https:\/\/aimalanmaataloustarvike.fi\/"},{"@type":"ListItem","position":2,"name":"Tietosuojaseloste"}]},{"@type":"WebSite","@id":"https:\/\/aimalanmaataloustarvike.fi\/#website","url":"https:\/\/aimalanmaataloustarvike.fi\/","name":"Aimalan Maataloustarvike","description":"40vuoden kokemus 23vuodessa.","publisher":{"@id":"https:\/\/aimalanmaataloustarvike.fi\/#organization"},"potentialAction":[{"@type":"SearchAction","target":{"@type":"EntryPoint","urlTemplate":"https:\/\/aimalanmaataloustarvike.fi\/?s={search_term_string}"},"query-input":"required name=search_term_string"}],"inLanguage":"fi"},{"@type":"Organization","@id":"https:\/\/aimalanmaataloustarvike.fi\/#organization","name":"Aimalan Maataloustarvike","url":"https:\/\/aimalanmaataloustarvike.fi\/","logo":{"@type":"ImageObject","inLanguage":"fi","@id":"https:\/\/aimalanmaataloustarvike.fi\/#\/schema\/logo\/image\/","url":"https:\/\/aimalanmaataloustarvike.fi\/wp-content\/uploads\/2023\/12\/kuva_2023-12-11_235113025.png","contentUrl":"https:\/\/aimalanmaataloustarvike.fi\/wp-content\/uploads\/2023\/12\/kuva_2023-12-11_235113025.png","width":731,"height":828,"caption":"Aimalan Maataloustarvike"},"image":{"@id":"https:\/\/aimalanmaataloustarvike.fi\/#\/schema\/logo\/image\/"}}]}},"_links":{"self":[{"href":"https:\/\/aimalanmaataloustarvike.fi\/index.php\/wp-json\/wp\/v2\/pages\/1899"}],"collection":[{"href":"https:\/\/aimalanmaataloustarvike.fi\/index.php\/wp-json\/wp\/v2\/pages"}],"about":[{"href":"https:\/\/aimalanmaataloustarvike.fi\/index.php\/wp-json\/wp\/v2\/types\/page"}],"author":[{"embeddable":true,"href":"https:\/\/aimalanmaataloustarvike.fi\/index.php\/wp-json\/wp\/v2\/users\/1"}],"replies":[{"embeddable":true,"href":"https:\/\/aimalanmaataloustarvike.fi\/index.php\/wp-json\/wp\/v2\/comments?post=1899"}],"version-history":[{"count":18,"href":"https:\/\/aimalanmaataloustarvike.fi\/index.php\/wp-json\/wp\/v2\/pages\/1899\/revisions"}],"predecessor-version":[{"id":2457,"href":"https:\/\/aimalanmaataloustarvike.fi\/index.php\/wp-json\/wp\/v2\/pages\/1899\/revisions\/2457"}],"wp:attachment":[{"href":"https:\/\/aimalanmaataloustarvike.fi\/index.php\/wp-json\/wp\/v2\/media?parent=1899"}],"curies":[{"name":"wp","href":"https:\/\/api.w.org\/{rel}","templated":true}]}}